{"id":16242,"date":"2024-10-12T08:35:34","date_gmt":"2024-10-12T08:35:34","guid":{"rendered":"https:\/\/tr.nurxos.net\/?post_type=product&#038;p=16242"},"modified":"2025-08-04T07:32:20","modified_gmt":"2025-08-04T07:32:20","slug":"nilufer-hair-spreyi","status":"publish","type":"product","link":"https:\/\/ly.nurxos.net\/en\/product\/nilufer-hair-spreyi\/","title":{"rendered":"Nil\u00fcfer \u2013 Ha\u0131r Spreyi"},"content":{"rendered":"\t\t<div data-elementor-type=\"wp-post\" data-elementor-id=\"16242\" class=\"elementor elementor-16242\">\n\t\t\t\t\t\t<section class=\"wd-negative-gap elementor-section elementor-top-section elementor-element elementor-element-5fd63dd elementor-section-content-top elementor-section-boxed elementor-section-height-default elementor-section-height-default\" data-id=\"5fd63dd\" data-element_type=\"section\" data-e-type=\"section\">\n\t\t\t\t\t\t<div class=\"elementor-container elementor-column-gap-default\">\n\t\t\t\t\t<div class=\"elementor-column elementor-col-100 elementor-top-column elementor-element elementor-element-2f78948a\" data-id=\"2f78948a\" data-element_type=\"column\" data-e-type=\"column\">\n\t\t\t<div class=\"elementor-widget-wrap elementor-element-populated\">\n\t\t\t\t\t\t<div class=\"elementor-element elementor-element-16a6f9a elementor-widget elementor-widget-wd_text_block\" data-id=\"16a6f9a\" data-element_type=\"widget\" data-e-type=\"widget\" data-widget_type=\"wd_text_block.default\">\n\t\t\t\t<div class=\"elementor-widget-container\">\n\t\t\t\t\t\t\t<div class=\"wd-text-block reset-last-child text-left\">\n\t\t\t\n\t\t\t<p>Introducing the N\u0130L\u00dcFER Hair Spray by NURXOS, a premium addition to the NURXOS HAIR PRODUCTS Collection.<p>Crafted especially for men, this remarkable hair spray comes in a convenient 150 ml size, perfect for your daily grooming routine.<p>N\u0130L\u00dcFER Hair Spray is more than just a grooming product; it's a sensory experience.<p>Its aromatic composition is a symphony of scents that will leave you feeling refreshed and confident throughout the day.<p>At first spray, you're greeted with invigorating top notes of citrus, blood orange, zesty lemon, and juniper berries.<p>These bright and zesty scents awaken your senses, setting the stage for a dynamic day ahead.<p>As the day progresses, the heart of this hair spray unveils notes of pimento, clary sage, geranium, and lavender.<p>These middle notes infuse a sense of sophistication and balance into your hair, ensuring you maintain a well-groomed appearance.<p>Finally, the base notes of cedar, vetiver, and patchouli anchor the fragrance, creating a lasting and alluring aura.<p>N\u0130L\u00dcFER Hair Spray is not just about styling; it's about making a statement.<p>Elevate your grooming routine with the N\u0130L\u00dcFER Hair Spray by NURXOS.\n\t\t\t\t\t<\/div>\n\t\t\t\t\t\t<\/div>\n\t\t\t\t<\/div>\n\t\t\t\t\t<\/div>\n\t\t<\/div>\n\t\t\t\t\t<\/div>\n\t\t<\/section>\n\t\t\t\t<\/div>\n\t\t","protected":false},"excerpt":{"rendered":"<p>Introducing the N\u0130L\u00dcFER Hair Spray by NURXOS, a premium addition to the NURXOS HAIR PRODUCTS Collection. Crafted especially for men, this remarkable hair spray comes in a convenient 150 ml size, perfect for your daily grooming routine.<\/p>\n","protected":false},"featured_media":16303,"comment_status":"open","ping_status":"closed","template":"","meta":[],"product_brand":[],"product_cat":[92,81,102],"product_tag":[],"class_list":{"0":"post-16242","1":"product","2":"type-product","3":"status-publish","4":"has-post-thumbnail","6":"product_cat-hair-care","7":"product_cat-hair-spray","8":"product_cat-nilufer","10":"first","11":"instock","12":"shipping-taxable","13":"purchasable","14":"product-type-simple"},"_links":{"self":[{"href":"https:\/\/ly.nurxos.net\/en\/wp-json\/wp\/v2\/product\/16242","targetHints":{"allow":["GET"]}}],"collection":[{"href":"https:\/\/ly.nurxos.net\/en\/wp-json\/wp\/v2\/product"}],"about":[{"href":"https:\/\/ly.nurxos.net\/en\/wp-json\/wp\/v2\/types\/product"}],"replies":[{"embeddable":true,"href":"https:\/\/ly.nurxos.net\/en\/wp-json\/wp\/v2\/comments?post=16242"}],"version-history":[{"count":0,"href":"https:\/\/ly.nurxos.net\/en\/wp-json\/wp\/v2\/product\/16242\/revisions"}],"wp:featuredmedia":[{"embeddable":true,"href":"https:\/\/ly.nurxos.net\/en\/wp-json\/wp\/v2\/media\/16303"}],"wp:attachment":[{"href":"https:\/\/ly.nurxos.net\/en\/wp-json\/wp\/v2\/media?parent=16242"}],"wp:term":[{"taxonomy":"product_brand","embeddable":true,"href":"https:\/\/ly.nurxos.net\/en\/wp-json\/wp\/v2\/product_brand?post=16242"},{"taxonomy":"product_cat","embeddable":true,"href":"https:\/\/ly.nurxos.net\/en\/wp-json\/wp\/v2\/product_cat?post=16242"},{"taxonomy":"product_tag","embeddable":true,"href":"https:\/\/ly.nurxos.net\/en\/wp-json\/wp\/v2\/product_tag?post=16242"}],"curies":[{"name":"wp","href":"https:\/\/api.w.org\/{rel}","templated":true}]}}