{"id":16227,"date":"2024-10-12T08:35:33","date_gmt":"2024-10-12T08:35:33","guid":{"rendered":"https:\/\/tr.nurxos.net\/?post_type=product&#038;p=16227"},"modified":"2025-08-04T07:14:01","modified_gmt":"2025-08-04T07:14:01","slug":"isparta-gulu-freshener","status":"publish","type":"product","link":"https:\/\/ly.nurxos.net\/en\/product\/isparta-gulu-freshener\/","title":{"rendered":"Isparta G\u00fcl\u00fc \u2013 Freshener"},"content":{"rendered":"\t\t<div data-elementor-type=\"wp-post\" data-elementor-id=\"16227\" class=\"elementor elementor-16227\">\n\t\t\t\t\t\t<section class=\"wd-negative-gap elementor-section elementor-top-section elementor-element elementor-element-5fd63dd elementor-section-content-top elementor-section-boxed elementor-section-height-default elementor-section-height-default\" data-id=\"5fd63dd\" data-element_type=\"section\" data-e-type=\"section\">\n\t\t\t\t\t\t<div class=\"elementor-container elementor-column-gap-default\">\n\t\t\t\t\t<div class=\"elementor-column elementor-col-100 elementor-top-column elementor-element elementor-element-2f78948a\" data-id=\"2f78948a\" data-element_type=\"column\" data-e-type=\"column\">\n\t\t\t<div class=\"elementor-widget-wrap elementor-element-populated\">\n\t\t\t\t\t\t<div class=\"elementor-element elementor-element-16a6f9a elementor-widget elementor-widget-wd_text_block\" data-id=\"16a6f9a\" data-element_type=\"widget\" data-e-type=\"widget\" data-widget_type=\"wd_text_block.default\">\n\t\t\t\t<div class=\"elementor-widget-container\">\n\t\t\t\t\t\t\t<div class=\"wd-text-block reset-last-child text-left\">\n\t\t\t\n\t\t\t<p>Introducing the Isparta G\u00fcl\u00fc Air Freshener by NURXOS, a true masterpiece in the world of home fragrance.<p>This unisex air freshener, a part of the NURXOS \"Home Fragrance\" Collection, comes in a generous 500 ML size, ensuring that your living space is always filled with the captivating scent of Isparta G\u00fcl\u00fc.<p>Isparta G\u00fcl\u00fc Air Freshener is a harmonious blend of exquisite aromatic notes that create a sensorial experience like no other.<p>At the top, you'll be greeted by the invigorating scents of Pimento and Violet Freesia, setting the stage for a captivating journey.<p>In the heart, delicate notes of Heliotrope, Hibiscus, and Bulgarian Rose take center stage, infusing your surroundings with an enchanting floral bouquet.<p>Finally, the base notes of Himalaya Cedarwood, Sensual Skin Accord, Mysore Sandalwood, and Frankincense provide a warm and grounding foundation, leaving a lasting impression.<p>Elevate your living space with the Isparta G\u00fcl\u00fc Air Freshener, a fragrant masterpiece that effortlessly combines sophistication and simplicity.<p>Embrace the art of home fragrance with NURXOS.\n\t\t\t\t\t<\/div>\n\t\t\t\t\t\t<\/div>\n\t\t\t\t<\/div>\n\t\t\t\t\t<\/div>\n\t\t<\/div>\n\t\t\t\t\t<\/div>\n\t\t<\/section>\n\t\t\t\t<\/div>\n\t\t","protected":false},"excerpt":{"rendered":"<p>Embark on a sensory journey with Nurxos&#8217;s Isparta Rose Air Freshener.<\/p>\n<p>Delight in the invigorating blend of pimento and violet freesia in the top notes, followed by the captivating essence of heliotrope, hibiscus, and Bulgarian rose in the heart notes.<\/p>\n<p>As the fragrance lingers, immerse yourself in the rich aroma of Himalayan cedarwood, sensual skin accord, Mysore sandalwood, and frankincense in the base notes.<\/p>\n<p>Let the scent of Isparta Rose elevate your space, filling it with the romance and allure of a blooming rose garden.<\/p>\n<p>This air freshener is perfect for homes, cars, and linens, providing a refreshing and captivating scent for all enclosed spaces.<\/p>\n","protected":false},"featured_media":16273,"comment_status":"open","ping_status":"closed","template":"","meta":[],"product_brand":[],"product_cat":[365,90,107],"product_tag":[],"class_list":{"0":"post-16227","1":"product","2":"type-product","3":"status-publish","4":"has-post-thumbnail","6":"product_cat-air-freshener","7":"product_cat-home-fregrance","8":"product_cat-isparta-gulu","10":"first","11":"instock","12":"virtual","13":"purchasable","14":"product-type-simple"},"_links":{"self":[{"href":"https:\/\/ly.nurxos.net\/en\/wp-json\/wp\/v2\/product\/16227","targetHints":{"allow":["GET"]}}],"collection":[{"href":"https:\/\/ly.nurxos.net\/en\/wp-json\/wp\/v2\/product"}],"about":[{"href":"https:\/\/ly.nurxos.net\/en\/wp-json\/wp\/v2\/types\/product"}],"replies":[{"embeddable":true,"href":"https:\/\/ly.nurxos.net\/en\/wp-json\/wp\/v2\/comments?post=16227"}],"version-history":[{"count":0,"href":"https:\/\/ly.nurxos.net\/en\/wp-json\/wp\/v2\/product\/16227\/revisions"}],"wp:featuredmedia":[{"embeddable":true,"href":"https:\/\/ly.nurxos.net\/en\/wp-json\/wp\/v2\/media\/16273"}],"wp:attachment":[{"href":"https:\/\/ly.nurxos.net\/en\/wp-json\/wp\/v2\/media?parent=16227"}],"wp:term":[{"taxonomy":"product_brand","embeddable":true,"href":"https:\/\/ly.nurxos.net\/en\/wp-json\/wp\/v2\/product_brand?post=16227"},{"taxonomy":"product_cat","embeddable":true,"href":"https:\/\/ly.nurxos.net\/en\/wp-json\/wp\/v2\/product_cat?post=16227"},{"taxonomy":"product_tag","embeddable":true,"href":"https:\/\/ly.nurxos.net\/en\/wp-json\/wp\/v2\/product_tag?post=16227"}],"curies":[{"name":"wp","href":"https:\/\/api.w.org\/{rel}","templated":true}]}}