{"id":16115,"date":"2024-10-12T08:35:21","date_gmt":"2024-10-12T08:35:21","guid":{"rendered":"https:\/\/tr.nurxos.net\/?post_type=product&#038;p=16115"},"modified":"2025-08-04T07:05:31","modified_gmt":"2025-08-04T07:05:31","slug":"nilufer-hand-foaming","status":"publish","type":"product","link":"https:\/\/ly.nurxos.net\/en\/product\/nilufer-hand-foaming\/","title":{"rendered":"Nil\u00fcfer \u2013 Hand Foam\u0131ng"},"content":{"rendered":"\t\t<div data-elementor-type=\"wp-post\" data-elementor-id=\"16115\" class=\"elementor elementor-16115\">\n\t\t\t\t\t\t<section class=\"wd-negative-gap elementor-section elementor-top-section elementor-element elementor-element-5fd63dd elementor-section-content-top elementor-section-boxed elementor-section-height-default elementor-section-height-default\" data-id=\"5fd63dd\" data-element_type=\"section\" data-e-type=\"section\">\n\t\t\t\t\t\t<div class=\"elementor-container elementor-column-gap-default\">\n\t\t\t\t\t<div class=\"elementor-column elementor-col-100 elementor-top-column elementor-element elementor-element-2f78948a\" data-id=\"2f78948a\" data-element_type=\"column\" data-e-type=\"column\">\n\t\t\t<div class=\"elementor-widget-wrap elementor-element-populated\">\n\t\t\t\t\t\t<div class=\"elementor-element elementor-element-16a6f9a elementor-widget elementor-widget-wd_text_block\" data-id=\"16a6f9a\" data-element_type=\"widget\" data-e-type=\"widget\" data-widget_type=\"wd_text_block.default\">\n\t\t\t\t<div class=\"elementor-widget-container\">\n\t\t\t\t\t\t\t<div class=\"wd-text-block reset-last-child text-left\">\n\t\t\t\n\t\t\t<p>Introducing NURXOS' \"Nil\u00fcfer\" Hand Foaming, a gentleman's essential within the prestigious SOAP Collection.<p>In a generous 350 ml size, this foaming handwash is designed to elevate your daily hand-care routine to a new level of sophistication.<p>\"Nil\u00fcfer\" unveils a symphony of scents that take you on an olfactory journey.<p>At the top, the vibrant notes of Citrus, Blood Orange, Lemon, and Juniper Berries burst forth, infusing your hands with invigorating freshness.<p>The heart of this foaming soap boasts an alluring blend of Pimento, Clary Sage, Geranium, and Lavender, striking a perfect balance between masculinity and a touch of floral elegance.<p>As you rinse, the base notes of Cedar, Vetiver, and Patchouli linger, leaving a subtle, refined aroma on your skin.<p>Experience the epitome of cleanliness and sophistication in every pump of \"Nil\u00fcfer.\"<p>NURXOS' \"Nil\u00fcfer\" Hand Foaming is more than just a soap\u2014it's a daily ritual of elegance, enhancing your hand-cleansing experience.<p>Elevate your hand care with NURXOS.\n\t\t\t\t\t<\/div>\n\t\t\t\t\t\t<\/div>\n\t\t\t\t<\/div>\n\t\t\t\t\t<\/div>\n\t\t<\/div>\n\t\t\t\t\t<\/div>\n\t\t<\/section>\n\t\t\t\t<\/div>\n\t\t","protected":false},"excerpt":{"rendered":"<p>Nurxos Nil\u00fcfer K\u00f6p\u00fck El Sabunu&#8217;nun ferahlat\u0131c\u0131 kokusunu deneyimleyin.<\/p>\n<p>Turun\u00e7gil, kan portakal\u0131, limon ve ard\u0131\u00e7 meyvelerinin canland\u0131r\u0131c\u0131 \u00fcst notalar\u0131 ile ba\u015flay\u0131p, orta notalarda ac\u0131 biber, ada\u00e7ay\u0131, ard\u0131\u00e7 ve lavantan\u0131n baharatl\u0131 kokusu ve temel notalarda sedir, vetiver ve pa\u00e7uli&#8217;nin odunsu \u00f6z\u00fc ile biten bu k\u00f6p\u00fck el sabunu sadece temizlemez, ayn\u0131 zamanda ellerinizi yenileyici ve mask\u00fclen bir kokuyla sarar.<\/p>\n<p>Bol k\u00f6p\u00fck sa\u011flayarak ellerin etkili bir \u015fekilde temizlenmesini sa\u011flar ve ellerinizi b\u00fcy\u00fcleyici bir kokuyla b\u0131rak\u0131r.<\/p>\n<p>Nurxos, Nil\u00fcfer K\u00f6p\u00fck El Sabunu ile el y\u0131kama rutininizi y\u00fckseltmenizi davet ediyor.<\/p>\n","protected":false},"featured_media":16151,"comment_status":"open","ping_status":"closed","template":"","meta":[],"product_brand":[],"product_cat":[80,102,89],"product_tag":[],"class_list":{"0":"post-16115","1":"product","2":"type-product","3":"status-publish","4":"has-post-thumbnail","6":"product_cat-hand-foaming","7":"product_cat-nilufer","8":"product_cat-soap","10":"first","11":"instock","12":"shipping-taxable","13":"purchasable","14":"product-type-simple"},"_links":{"self":[{"href":"https:\/\/ly.nurxos.net\/en\/wp-json\/wp\/v2\/product\/16115","targetHints":{"allow":["GET"]}}],"collection":[{"href":"https:\/\/ly.nurxos.net\/en\/wp-json\/wp\/v2\/product"}],"about":[{"href":"https:\/\/ly.nurxos.net\/en\/wp-json\/wp\/v2\/types\/product"}],"replies":[{"embeddable":true,"href":"https:\/\/ly.nurxos.net\/en\/wp-json\/wp\/v2\/comments?post=16115"}],"version-history":[{"count":0,"href":"https:\/\/ly.nurxos.net\/en\/wp-json\/wp\/v2\/product\/16115\/revisions"}],"wp:featuredmedia":[{"embeddable":true,"href":"https:\/\/ly.nurxos.net\/en\/wp-json\/wp\/v2\/media\/16151"}],"wp:attachment":[{"href":"https:\/\/ly.nurxos.net\/en\/wp-json\/wp\/v2\/media?parent=16115"}],"wp:term":[{"taxonomy":"product_brand","embeddable":true,"href":"https:\/\/ly.nurxos.net\/en\/wp-json\/wp\/v2\/product_brand?post=16115"},{"taxonomy":"product_cat","embeddable":true,"href":"https:\/\/ly.nurxos.net\/en\/wp-json\/wp\/v2\/product_cat?post=16115"},{"taxonomy":"product_tag","embeddable":true,"href":"https:\/\/ly.nurxos.net\/en\/wp-json\/wp\/v2\/product_tag?post=16115"}],"curies":[{"name":"wp","href":"https:\/\/api.w.org\/{rel}","templated":true}]}}