{"id":15937,"date":"2024-10-12T08:35:01","date_gmt":"2024-10-12T08:35:01","guid":{"rendered":"https:\/\/tr.nurxos.net\/?post_type=product&#038;p=15937"},"modified":"2025-08-04T07:16:33","modified_gmt":"2025-08-04T07:16:33","slug":"nilufer-fragrance-mist","status":"publish","type":"product","link":"https:\/\/ly.nurxos.net\/en\/product\/nilufer-fragrance-mist\/","title":{"rendered":"N\u0131l\u00fcfer \u2013 Fragrance M\u0131st"},"content":{"rendered":"\t\t<div data-elementor-type=\"wp-post\" data-elementor-id=\"15937\" class=\"elementor elementor-15937\">\n\t\t\t\t\t\t<section class=\"wd-negative-gap elementor-section elementor-top-section elementor-element elementor-element-5fd63dd elementor-section-content-top elementor-section-boxed elementor-section-height-default elementor-section-height-default\" data-id=\"5fd63dd\" data-element_type=\"section\" data-e-type=\"section\">\n\t\t\t\t\t\t<div class=\"elementor-container elementor-column-gap-default\">\n\t\t\t\t\t<div class=\"elementor-column elementor-col-100 elementor-top-column elementor-element elementor-element-2f78948a\" data-id=\"2f78948a\" data-element_type=\"column\" data-e-type=\"column\">\n\t\t\t<div class=\"elementor-widget-wrap elementor-element-populated\">\n\t\t\t\t\t\t<div class=\"elementor-element elementor-element-16a6f9a elementor-widget elementor-widget-wd_text_block\" data-id=\"16a6f9a\" data-element_type=\"widget\" data-e-type=\"widget\" data-widget_type=\"wd_text_block.default\">\n\t\t\t\t<div class=\"elementor-widget-container\">\n\t\t\t\t\t\t\t<div class=\"wd-text-block reset-last-child text-left\">\n\t\t\t\n\t\t\t<p>Introducing the N\u0130L\u00dcFER Fragrance Mist by NURXOS, a captivating addition to the Body Line Collection.<p>This women's fragrance mist, offered in a generous 250 ml size, is a true olfactory delight.<p>N\u0130L\u00dcFER opens with a burst of freshness, courtesy of its top notes, which dance with the zesty notes of citrus, blood orange, lemon, and the intriguing juniper berries.<p>As you continue to explore this fragrant journey, you'll discover a heart brimming with complexity.<p>Pimento, clary sage, geranium, and soothing lavender meld harmoniously to create a soothing and elegant midsection.<p>The fragrance truly finds its depth in the base notes, where the warmth of cedar, the earthiness of vetiver, and the exotic allure of patchouli combine to leave a lasting impression.<p>N\u0130L\u00dcFER encapsulates a story of femininity, confidence, and allure in every spritz.<p>Experience the N\u0130L\u00dcFER Fragrance Mist by NURXOS and let its aromatic symphony envelop your senses in pure sophistication.\n\t\t\t\t\t<\/div>\n\t\t\t\t\t\t<\/div>\n\t\t\t\t<\/div>\n\t\t\t\t\t<\/div>\n\t\t<\/div>\n\t\t\t\t\t<\/div>\n\t\t<\/section>\n\t\t\t\t<\/div>\n\t\t","protected":false},"excerpt":{"rendered":"<p>&#8220;Nil\u00fcfer by Nurxos is a refreshing fragrance presented in a 250ml perfume spray bottle, designed for men.<\/p>\n<p>This highly concentrated new fragrance can be used as both a body spray and an outdoor freshener due to its large size.<\/p>\n<p>It opens with vibrant top notes of citrus, blood orange, lemon, and juniper berries, offering a zesty and invigorating start.<\/p>\n<p>As the scent unfolds, middle notes of pimento, clary sage, geranium, and lavender reveal a spicy and herbaceous blend.<\/p>\n<p>Finally, base notes of cedar, vetiver, and patchouli provide a woody and earthy foundation, leaving a lasting impression of sophistication and masculinity.&#8221;<\/p>\n","protected":false},"featured_media":16001,"comment_status":"open","ping_status":"closed","template":"","meta":[],"product_brand":[],"product_cat":[87,77,102],"product_tag":[],"class_list":{"0":"post-15937","1":"product","2":"type-product","3":"status-publish","4":"has-post-thumbnail","6":"product_cat-body-line","7":"product_cat-fragrance-mist","8":"product_cat-nilufer","10":"first","11":"instock","12":"shipping-taxable","13":"purchasable","14":"product-type-simple"},"_links":{"self":[{"href":"https:\/\/ly.nurxos.net\/en\/wp-json\/wp\/v2\/product\/15937","targetHints":{"allow":["GET"]}}],"collection":[{"href":"https:\/\/ly.nurxos.net\/en\/wp-json\/wp\/v2\/product"}],"about":[{"href":"https:\/\/ly.nurxos.net\/en\/wp-json\/wp\/v2\/types\/product"}],"replies":[{"embeddable":true,"href":"https:\/\/ly.nurxos.net\/en\/wp-json\/wp\/v2\/comments?post=15937"}],"version-history":[{"count":0,"href":"https:\/\/ly.nurxos.net\/en\/wp-json\/wp\/v2\/product\/15937\/revisions"}],"wp:featuredmedia":[{"embeddable":true,"href":"https:\/\/ly.nurxos.net\/en\/wp-json\/wp\/v2\/media\/16001"}],"wp:attachment":[{"href":"https:\/\/ly.nurxos.net\/en\/wp-json\/wp\/v2\/media?parent=15937"}],"wp:term":[{"taxonomy":"product_brand","embeddable":true,"href":"https:\/\/ly.nurxos.net\/en\/wp-json\/wp\/v2\/product_brand?post=15937"},{"taxonomy":"product_cat","embeddable":true,"href":"https:\/\/ly.nurxos.net\/en\/wp-json\/wp\/v2\/product_cat?post=15937"},{"taxonomy":"product_tag","embeddable":true,"href":"https:\/\/ly.nurxos.net\/en\/wp-json\/wp\/v2\/product_tag?post=15937"}],"curies":[{"name":"wp","href":"https:\/\/api.w.org\/{rel}","templated":true}]}}