{"id":15921,"date":"2024-10-12T08:35:00","date_gmt":"2024-10-12T08:35:00","guid":{"rendered":"https:\/\/tr.nurxos.net\/?post_type=product&#038;p=15921"},"modified":"2025-08-04T07:02:54","modified_gmt":"2025-08-04T07:02:54","slug":"buyulu-eau-de-perfum","status":"publish","type":"product","link":"https:\/\/ly.nurxos.net\/en\/product\/buyulu-eau-de-perfum\/","title":{"rendered":"B\u00fcy\u00fcl\u00fc \u2013 Eau De Perfum"},"content":{"rendered":"\t\t<div data-elementor-type=\"wp-post\" data-elementor-id=\"15921\" class=\"elementor elementor-15921\">\n\t\t\t\t\t\t<section class=\"wd-negative-gap elementor-section elementor-top-section elementor-element elementor-element-5fd63dd elementor-section-content-top elementor-section-boxed elementor-section-height-default elementor-section-height-default\" data-id=\"5fd63dd\" data-element_type=\"section\" data-e-type=\"section\">\n\t\t\t\t\t\t<div class=\"elementor-container elementor-column-gap-default\">\n\t\t\t\t\t<div class=\"elementor-column elementor-col-100 elementor-top-column elementor-element elementor-element-2f78948a\" data-id=\"2f78948a\" data-element_type=\"column\" data-e-type=\"column\">\n\t\t\t<div class=\"elementor-widget-wrap elementor-element-populated\">\n\t\t\t\t\t\t<div class=\"elementor-element elementor-element-16a6f9a elementor-widget elementor-widget-wd_text_block\" data-id=\"16a6f9a\" data-element_type=\"widget\" data-e-type=\"widget\" data-widget_type=\"wd_text_block.default\">\n\t\t\t\t<div class=\"elementor-widget-container\">\n\t\t\t\t\t\t\t<div class=\"wd-text-block reset-last-child text-left\">\n\t\t\t\n\t\t\t<p>Elevate your senses with B\u00dcY\u00dcL\u00dc Perfume (magic Perfume) , a captivating women's fragrance by Nurxos.<p>A part of the enchanting \"black perfume\" collection, this scent weaves a tale of elegance and allure.<p>Housed in a sleek 100 ml black bottle with a contemporary design, \u201cB\u00dcY\u00dcL\u00dc Perfume\u201d is a symbol of timeless sophistication.<p>Let the fragrance unfold its magic on your skin.<p>As you embrace the day, the top notes of zesty orange and succulent plum play a harmonious tune.<p>Transitioning gracefully,the heart reveals a blend of velvety geranium, earthy patchouli, delicate rose, and the sweet allure of red berries.<p>Finally, the enchantment lingers as teak wood evokes nature's tranquility, amber casts a warm glow, and musk adds a touch of mystery.<p>\u201cB\u00dcY\u00dcL\u00dc Perfume\u201d is more than a scent; it's an experience that speaks of femininity, grace, and the timeless essence of black perfumes.<p>Each spritz is an invitation to embrace your enchanting aura.\n\t\t\t\t\t<\/div>\n\t\t\t\t\t\t<\/div>\n\t\t\t\t<\/div>\n\t\t\t\t\t<\/div>\n\t\t<\/div>\n\t\t\t\t\t<\/div>\n\t\t<\/section>\n\t\t\t\t<\/div>\n\t\t","protected":false},"excerpt":{"rendered":"<p>Unveil the enchantment of B\u00fcy\u00fcl\u00fc Women&#8217;s Perfume by Nurxos. At the top, notes of orange and plum create a vibrant and refreshing aroma that captivates the senses.<\/p>\n<p>In the heart of the fragrance, geranium, patchouli, rose, and red berries intertwine to form a harmonious and captivating bouquet.<\/p>\n<p>As the scent settles, the warmth of teak wood, amber, and musk provides a lingering and magical essence that leaves a trail of allure wherever you go.<\/p>\n<p>B\u00fcy\u00fcl\u00fc Women&#8217;s Perfume is designed for the woman who seeks to embrace her inner enchantress and captivate the world around her.<\/p>\n","protected":false},"featured_media":15957,"comment_status":"open","ping_status":"closed","template":"","meta":[],"product_brand":[],"product_cat":[84,70,114],"product_tag":[],"class_list":{"0":"post-15921","1":"product","2":"type-product","3":"status-publish","4":"has-post-thumbnail","6":"product_cat-black-flowers","7":"product_cat-perfumes","8":"product_cat-women-black-flowers","10":"first","11":"instock","12":"shipping-taxable","13":"purchasable","14":"product-type-simple"},"_links":{"self":[{"href":"https:\/\/ly.nurxos.net\/en\/wp-json\/wp\/v2\/product\/15921","targetHints":{"allow":["GET"]}}],"collection":[{"href":"https:\/\/ly.nurxos.net\/en\/wp-json\/wp\/v2\/product"}],"about":[{"href":"https:\/\/ly.nurxos.net\/en\/wp-json\/wp\/v2\/types\/product"}],"replies":[{"embeddable":true,"href":"https:\/\/ly.nurxos.net\/en\/wp-json\/wp\/v2\/comments?post=15921"}],"version-history":[{"count":0,"href":"https:\/\/ly.nurxos.net\/en\/wp-json\/wp\/v2\/product\/15921\/revisions"}],"wp:featuredmedia":[{"embeddable":true,"href":"https:\/\/ly.nurxos.net\/en\/wp-json\/wp\/v2\/media\/15957"}],"wp:attachment":[{"href":"https:\/\/ly.nurxos.net\/en\/wp-json\/wp\/v2\/media?parent=15921"}],"wp:term":[{"taxonomy":"product_brand","embeddable":true,"href":"https:\/\/ly.nurxos.net\/en\/wp-json\/wp\/v2\/product_brand?post=15921"},{"taxonomy":"product_cat","embeddable":true,"href":"https:\/\/ly.nurxos.net\/en\/wp-json\/wp\/v2\/product_cat?post=15921"},{"taxonomy":"product_tag","embeddable":true,"href":"https:\/\/ly.nurxos.net\/en\/wp-json\/wp\/v2\/product_tag?post=15921"}],"curies":[{"name":"wp","href":"https:\/\/api.w.org\/{rel}","templated":true}]}}